{"id":1833,"date":"2026-01-27T00:40:57","date_gmt":"2026-01-26T23:40:57","guid":{"rendered":"https:\/\/enersat.pl\/?page_id=1833"},"modified":"2026-01-27T00:53:09","modified_gmt":"2026-01-26T23:53:09","slug":"elektryk-zabrze","status":"publish","type":"page","link":"https:\/\/enersat.pl\/?page_id=1833","title":{"rendered":"Elektryk Zabrze"},"content":{"rendered":"\t\t<div data-elementor-type=\"wp-page\" data-elementor-id=\"1833\" class=\"elementor elementor-1833\">\n\t\t\t\t\t\t<div class=\"elementor-inner\">\n\t\t\t\t<div class=\"elementor-section-wrap\">\n\t\t\t\t\t\t\t\t\t<section class=\"elementor-section elementor-top-section elementor-element elementor-element-9e1494d elementor-section-boxed elementor-section-height-default elementor-section-height-default\" data-id=\"9e1494d\" data-element_type=\"section\">\n\t\t\t\t\t\t<div class=\"elementor-container elementor-column-gap-default\">\n\t\t\t\t\t\t\t<div class=\"elementor-row\">\n\t\t\t\t\t<div class=\"elementor-column elementor-col-50 elementor-top-column elementor-element elementor-element-6e314b0\" data-id=\"6e314b0\" data-element_type=\"column\">\n\t\t\t<div class=\"elementor-column-wrap elementor-element-populated\">\n\t\t\t\t\t\t\t<div class=\"elementor-widget-wrap\">\n\t\t\t\t\t\t<div class=\"elementor-element elementor-element-af70782 elementor-widget__width-initial elementor-widget elementor-widget-image\" data-id=\"af70782\" data-element_type=\"widget\" data-widget_type=\"image.default\">\n\t\t\t\t<div class=\"elementor-widget-container\">\n\t\t\t<style>\/*! elementor - v3.12.1 - 02-04-2023 *\/\n.elementor-widget-image{text-align:center}.elementor-widget-image a{display:inline-block}.elementor-widget-image a img[src$=\".svg\"]{width:48px}.elementor-widget-image img{vertical-align:middle;display:inline-block}<\/style>\t\t\t\t\t<div class=\"elementor-image\">\n\t\t\t\t\t\t\t\t\t\t\t\t<img loading=\"lazy\" decoding=\"async\" width=\"640\" height=\"480\" src=\"https:\/\/enersat.pl\/wp-content\/uploads\/2026\/01\/auto-1024x768.jpg\" class=\"attachment-large size-large wp-image-1839\" alt=\"elektryk zabrze\" srcset=\"https:\/\/enersat.pl\/wp-content\/uploads\/2026\/01\/auto-1024x768.jpg 1024w, https:\/\/enersat.pl\/wp-content\/uploads\/2026\/01\/auto-300x225.jpg 300w, https:\/\/enersat.pl\/wp-content\/uploads\/2026\/01\/auto-768x576.jpg 768w, https:\/\/enersat.pl\/wp-content\/uploads\/2026\/01\/auto-1536x1152.jpg 1536w, https:\/\/enersat.pl\/wp-content\/uploads\/2026\/01\/auto.jpg 2048w\" sizes=\"auto, (max-width: 640px) 100vw, 640px\" \/>\t\t\t\t\t\t\t\t\t\t\t\t\t\t<\/div>\n\t\t\t\t\t\t<\/div>\n\t\t\t\t<\/div>\n\t\t\t\t\t\t<\/div>\n\t\t\t\t\t<\/div>\n\t\t<\/div>\n\t\t\t\t<div class=\"elementor-column elementor-col-50 elementor-top-column elementor-element elementor-element-9f3b80e\" data-id=\"9f3b80e\" data-element_type=\"column\">\n\t\t\t<div class=\"elementor-column-wrap elementor-element-populated\">\n\t\t\t\t\t\t\t<div class=\"elementor-widget-wrap\">\n\t\t\t\t\t\t<div class=\"elementor-element elementor-element-1f61871 elementor-widget elementor-widget-heading\" data-id=\"1f61871\" data-element_type=\"widget\" data-widget_type=\"heading.default\">\n\t\t\t\t<div class=\"elementor-widget-container\">\n\t\t\t<style>\/*! elementor - v3.12.1 - 02-04-2023 *\/\n.elementor-heading-title{padding:0;margin:0;line-height:1}.elementor-widget-heading .elementor-heading-title[class*=elementor-size-]>a{color:inherit;font-size:inherit;line-height:inherit}.elementor-widget-heading .elementor-heading-title.elementor-size-small{font-size:15px}.elementor-widget-heading .elementor-heading-title.elementor-size-medium{font-size:19px}.elementor-widget-heading .elementor-heading-title.elementor-size-large{font-size:29px}.elementor-widget-heading .elementor-heading-title.elementor-size-xl{font-size:39px}.elementor-widget-heading .elementor-heading-title.elementor-size-xxl{font-size:59px}<\/style><h2 class=\"elementor-heading-title elementor-size-default\"><p data-start=\"100\" data-end=\"472\">Jeste\u015bmy zespo\u0142em <strong data-start=\"118\" data-end=\"145\">uprawnionych elektryk\u00f3w<\/strong>, kt\u00f3rzy kompleksowo realizuj\u0105 <strong data-start=\"176\" data-end=\"216\">us\u0142ugi elektryczne na terenie Zabrza<\/strong> dla klient\u00f3w indywidualnych, firm oraz instytucji. Posiadamy pe\u0142ne kwalifikacje i <strong data-start=\"299\" data-end=\"362\">uprawnienia SEP w zakresie eksploatacji (E) oraz dozoru (D)<\/strong>, dzi\u0119ki czemu mo\u017cemy bezpiecznie wykonywa\u0107 zar\u00f3wno prace monta\u017cowe, jak i pomiary oraz nadz\u00f3r nad instalacj\u0105.<\/p>\n<p data-start=\"474\" data-end=\"638\">Szukasz sprawdzonego fachowca? Je\u015bli potrzebny Ci profesjonalny <strong data-start=\"538\" data-end=\"559\">elektryk w Zabrzu<\/strong>, skontaktuj si\u0119 z nami \u2014 doradzimy, wycenimy i sprawnie zrealizujemy zlecenie.<\/p><\/h2>\t\t<\/div>\n\t\t\t\t<\/div>\n\t\t\t\t\t\t<\/div>\n\t\t\t\t\t<\/div>\n\t\t<\/div>\n\t\t\t\t\t\t\t\t<\/div>\n\t\t\t\t\t<\/div>\n\t\t<\/section>\n\t\t\t\t\t\t\t\t\t<\/div>\n\t\t\t<\/div>\n\t\t\t\t\t<\/div>\n\t\t","protected":false},"excerpt":{"rendered":"<p>Jeste\u015bmy zespo\u0142em uprawnionych elektryk\u00f3w, kt\u00f3rzy kompleksowo realizuj\u0105 us\u0142ugi elektryczne na terenie Zabrza dla klient\u00f3w indywidualnych, firm oraz instytucji. Posiadamy pe\u0142ne kwalifikacje i uprawnienia SEP w zakresie eksploatacji (E) oraz dozoru (D), dzi\u0119ki czemu mo\u017cemy bezpiecznie wykonywa\u0107 zar\u00f3wno prace monta\u017cowe, jak i pomiary oraz nadz\u00f3r nad instalacj\u0105. Szukasz sprawdzonego fachowca? Je\u015bli potrzebny Ci profesjonalny elektryk w [&hellip;]<\/p>\n","protected":false},"author":1,"featured_media":0,"parent":0,"menu_order":0,"comment_status":"closed","ping_status":"closed","template":"","meta":{"om_disable_all_campaigns":false,"inline_featured_image":false,"_monsterinsights_skip_tracking":false,"_monsterinsights_sitenote_active":false,"_monsterinsights_sitenote_note":"","_monsterinsights_sitenote_category":0,"footnotes":""},"class_list":["post-1833","page","type-page","status-publish","hentry"],"aioseo_notices":[],"_links":{"self":[{"href":"https:\/\/enersat.pl\/index.php?rest_route=\/wp\/v2\/pages\/1833","targetHints":{"allow":["GET"]}}],"collection":[{"href":"https:\/\/enersat.pl\/index.php?rest_route=\/wp\/v2\/pages"}],"about":[{"href":"https:\/\/enersat.pl\/index.php?rest_route=\/wp\/v2\/types\/page"}],"author":[{"embeddable":true,"href":"https:\/\/enersat.pl\/index.php?rest_route=\/wp\/v2\/users\/1"}],"replies":[{"embeddable":true,"href":"https:\/\/enersat.pl\/index.php?rest_route=%2Fwp%2Fv2%2Fcomments&post=1833"}],"version-history":[{"count":6,"href":"https:\/\/enersat.pl\/index.php?rest_route=\/wp\/v2\/pages\/1833\/revisions"}],"predecessor-version":[{"id":1843,"href":"https:\/\/enersat.pl\/index.php?rest_route=\/wp\/v2\/pages\/1833\/revisions\/1843"}],"wp:attachment":[{"href":"https:\/\/enersat.pl\/index.php?rest_route=%2Fwp%2Fv2%2Fmedia&parent=1833"}],"curies":[{"name":"wp","href":"https:\/\/api.w.org\/{rel}","templated":true}]}}