{"id":548,"date":"2018-09-08T03:40:19","date_gmt":"2018-09-08T03:40:19","guid":{"rendered":"https:\/\/demo.hashthemes.com\/total-plus\/construction\/?page_id=548"},"modified":"2026-01-27T00:35:56","modified_gmt":"2026-01-26T23:35:56","slug":"o-firmie","status":"publish","type":"page","link":"https:\/\/enersat.pl\/?page_id=548","title":{"rendered":"O Firmie"},"content":{"rendered":"\t\t<div data-elementor-type=\"wp-page\" data-elementor-id=\"548\" class=\"elementor elementor-548\">\n\t\t\t\t\t\t<div class=\"elementor-inner\">\n\t\t\t\t<div class=\"elementor-section-wrap\">\n\t\t\t\t\t\t\t\t\t<section class=\"elementor-section elementor-top-section elementor-element elementor-element-8083f1f elementor-section-content-middle elementor-section-boxed elementor-section-height-default elementor-section-height-default\" data-id=\"8083f1f\" data-element_type=\"section\">\n\t\t\t\t\t\t<div class=\"elementor-container elementor-column-gap-wide\">\n\t\t\t\t\t\t\t<div class=\"elementor-row\">\n\t\t\t\t\t<div class=\"elementor-column elementor-col-50 elementor-top-column elementor-element elementor-element-c161e7f\" data-id=\"c161e7f\" data-element_type=\"column\" data-settings=\"{&quot;background_background&quot;:&quot;classic&quot;}\">\n\t\t\t<div class=\"elementor-column-wrap elementor-element-populated\">\n\t\t\t\t\t\t\t<div class=\"elementor-widget-wrap\">\n\t\t\t\t\t\t<div class=\"elementor-element elementor-element-17fadef elementor-widget elementor-widget-image\" data-id=\"17fadef\" data-element_type=\"widget\" data-widget_type=\"image.default\">\n\t\t\t\t<div class=\"elementor-widget-container\">\n\t\t\t<style>\/*! elementor - v3.12.1 - 02-04-2023 *\/\n.elementor-widget-image{text-align:center}.elementor-widget-image a{display:inline-block}.elementor-widget-image a img[src$=\".svg\"]{width:48px}.elementor-widget-image img{vertical-align:middle;display:inline-block}<\/style>\t\t\t\t\t<div class=\"elementor-image\">\n\t\t\t\t\t\t\t\t\t\t\t\t<img loading=\"lazy\" decoding=\"async\" width=\"640\" height=\"964\" src=\"https:\/\/enersat.pl\/wp-content\/uploads\/2024\/01\/firmaelektro.jpeg\" class=\"attachment-large size-large wp-image-1717\" alt=\"\" srcset=\"https:\/\/enersat.pl\/wp-content\/uploads\/2024\/01\/firmaelektro.jpeg 680w, https:\/\/enersat.pl\/wp-content\/uploads\/2024\/01\/firmaelektro-199x300.jpeg 199w\" sizes=\"auto, (max-width: 640px) 100vw, 640px\" \/>\t\t\t\t\t\t\t\t\t\t\t\t\t\t<\/div>\n\t\t\t\t\t\t<\/div>\n\t\t\t\t<\/div>\n\t\t\t\t\t\t<\/div>\n\t\t\t\t\t<\/div>\n\t\t<\/div>\n\t\t\t\t<div class=\"elementor-column elementor-col-50 elementor-top-column elementor-element elementor-element-4638640\" data-id=\"4638640\" data-element_type=\"column\">\n\t\t\t<div class=\"elementor-column-wrap elementor-element-populated\">\n\t\t\t\t\t\t\t<div class=\"elementor-widget-wrap\">\n\t\t\t\t\t\t<div class=\"elementor-element elementor-element-b63dcfc elementor-widget elementor-widget-heading\" data-id=\"b63dcfc\" data-element_type=\"widget\" data-widget_type=\"heading.default\">\n\t\t\t\t<div class=\"elementor-widget-container\">\n\t\t\t<style>\/*! elementor - v3.12.1 - 02-04-2023 *\/\n.elementor-heading-title{padding:0;margin:0;line-height:1}.elementor-widget-heading .elementor-heading-title[class*=elementor-size-]>a{color:inherit;font-size:inherit;line-height:inherit}.elementor-widget-heading .elementor-heading-title.elementor-size-small{font-size:15px}.elementor-widget-heading .elementor-heading-title.elementor-size-medium{font-size:19px}.elementor-widget-heading .elementor-heading-title.elementor-size-large{font-size:29px}.elementor-widget-heading .elementor-heading-title.elementor-size-xl{font-size:39px}.elementor-widget-heading .elementor-heading-title.elementor-size-xxl{font-size:59px}<\/style><h3 class=\"elementor-heading-title elementor-size-default\">Profesjonalne us\u0142ugi elektryczne \u2013 Zabrze, Gliwice, Bytom i okolice<\/h3>\t\t<\/div>\n\t\t\t\t<\/div>\n\t\t\t\t<div class=\"elementor-element elementor-element-e77ca02 elementor-widget elementor-widget-text-editor\" data-id=\"e77ca02\" data-element_type=\"widget\" data-widget_type=\"text-editor.default\">\n\t\t\t\t<div class=\"elementor-widget-container\">\n\t\t\t<style>\/*! elementor - v3.12.1 - 02-04-2023 *\/\n.elementor-widget-text-editor.elementor-drop-cap-view-stacked .elementor-drop-cap{background-color:#69727d;color:#fff}.elementor-widget-text-editor.elementor-drop-cap-view-framed .elementor-drop-cap{color:#69727d;border:3px solid;background-color:transparent}.elementor-widget-text-editor:not(.elementor-drop-cap-view-default) .elementor-drop-cap{margin-top:8px}.elementor-widget-text-editor:not(.elementor-drop-cap-view-default) .elementor-drop-cap-letter{width:1em;height:1em}.elementor-widget-text-editor .elementor-drop-cap{float:left;text-align:center;line-height:1;font-size:50px}.elementor-widget-text-editor .elementor-drop-cap-letter{display:inline-block}<\/style>\t\t\t\t\t<div class=\"elementor-text-editor elementor-clearfix\">\n\t\t\t\t<div class=\"flex flex-grow flex-col max-w-full\"><div class=\"min-h-[20px] text-message flex flex-col items-start gap-3 whitespace-pre-wrap break-words [.text-message+&amp;]:mt-5 overflow-x-auto\" data-message-author-role=\"assistant\" data-message-id=\"92712cc6-05f2-48e8-9947-14fa5adc2a68\"><div class=\"markdown prose w-full break-words dark:prose-invert dark\"><p data-start=\"304\" data-end=\"631\">\u015awiadczymy <strong data-start=\"315\" data-end=\"351\">profesjonalne us\u0142ugi elektryczne<\/strong> dla klient\u00f3w indywidualnych, firm oraz instytucji na terenie <strong data-start=\"413\" data-end=\"474\">Zabrza, Gliwic, Bytomia, Rudy \u015al\u0105skiej, Chorzowa i okolic<\/strong>. Stawiamy na <strong data-start=\"488\" data-end=\"541\">bezpiecze\u0144stwo, jako\u015b\u0107 wykonania oraz terminowo\u015b\u0107<\/strong>, dlatego ka\u017cd\u0105 realizacj\u0119 wykonujemy zgodnie z obowi\u0105zuj\u0105cymi normami i sztuk\u0105 budowlan\u0105.<\/p><p data-start=\"633\" data-end=\"934\">Wykonujemy m.in.:<br data-start=\"650\" data-end=\"653\" \/>\u2705 <strong data-start=\"655\" data-end=\"681\">instalacje elektryczne<\/strong> w domach, mieszkaniach, firmach i obiektach publicznych<br data-start=\"737\" data-end=\"740\" \/>\u2705 <strong data-start=\"742\" data-end=\"779\">modernizacje i naprawy instalacji<\/strong> elektrycznych<br data-start=\"793\" data-end=\"796\" \/>\u2705 <strong data-start=\"798\" data-end=\"833\">pomiary elektryczne (protoko\u0142y)<\/strong> \u2013 odbiorcze i okresowe<br data-start=\"885\" data-end=\"888\" \/>\u2705 konserwacje i usuwanie usterek elektrycznych<\/p><p data-start=\"936\" data-end=\"1175\">Nasi elektrycy posiadaj\u0105 wymagane <strong data-start=\"970\" data-end=\"989\">uprawnienia SEP<\/strong> oraz do\u015bwiadczenie w realizacji prac zar\u00f3wno w budynkach mieszkalnych, jak i przemys\u0142owych. Zapewniamy fachowe doradztwo, sprawn\u0105 realizacj\u0119 oraz rzetelne podej\u015bcie do ka\u017cdego zlecenia.<\/p><p data-start=\"1177\" data-end=\"1380\">Na wykonane prace udzielamy <strong data-start=\"1205\" data-end=\"1227\">pisemnej gwarancji<\/strong>, a dodatkowo mo\u017cemy przygotowa\u0107 <strong data-start=\"1260\" data-end=\"1301\">dokumentacj\u0119 fotograficzn\u0105 instalacji<\/strong>, co daje klientowi pe\u0142ny wgl\u0105d w przebieg przewod\u00f3w oraz wykonane rozwi\u0105zania.<\/p><p data-start=\"1382\" data-end=\"1549\">Szukasz sprawdzonego fachowca?<br data-start=\"1412\" data-end=\"1415\" \/>\ud83d\udc49 Je\u015bli interesuje Ci\u0119 <strong data-start=\"1439\" data-end=\"1476\">elektryk Zabrze \/ Gliwice \/ Bytom<\/strong>, skontaktuj si\u0119 z nami \u2013 przygotujemy wycen\u0119 i szybki termin realizacji.<\/p><\/div><\/div><\/div>\t\t\t\t\t<\/div>\n\t\t\t\t\t\t<\/div>\n\t\t\t\t<\/div>\n\t\t\t\t\t\t<\/div>\n\t\t\t\t\t<\/div>\n\t\t<\/div>\n\t\t\t\t\t\t\t\t<\/div>\n\t\t\t\t\t<\/div>\n\t\t<\/section>\n\t\t\t\t\t\t\t\t\t<\/div>\n\t\t\t<\/div>\n\t\t\t\t\t<\/div>\n\t\t","protected":false},"excerpt":{"rendered":"<p>Profesjonalne us\u0142ugi elektryczne \u2013 Zabrze, Gliwice, Bytom i okolice \u015awiadczymy profesjonalne us\u0142ugi elektryczne dla klient\u00f3w indywidualnych, firm oraz instytucji na terenie Zabrza, Gliwic, Bytomia, Rudy \u015al\u0105skiej, Chorzowa i okolic. Stawiamy na bezpiecze\u0144stwo, jako\u015b\u0107 wykonania oraz terminowo\u015b\u0107, dlatego ka\u017cd\u0105 realizacj\u0119 wykonujemy zgodnie z obowi\u0105zuj\u0105cymi normami i sztuk\u0105 budowlan\u0105. Wykonujemy m.in.:\u2705 instalacje elektryczne w domach, mieszkaniach, firmach [&hellip;]<\/p>\n","protected":false},"author":1,"featured_media":1647,"parent":0,"menu_order":0,"comment_status":"closed","ping_status":"closed","template":"","meta":{"om_disable_all_campaigns":false,"inline_featured_image":false,"_monsterinsights_skip_tracking":false,"_monsterinsights_sitenote_active":false,"_monsterinsights_sitenote_note":"","_monsterinsights_sitenote_category":0,"footnotes":""},"class_list":["post-548","page","type-page","status-publish","has-post-thumbnail","hentry"],"aioseo_notices":[],"_links":{"self":[{"href":"https:\/\/enersat.pl\/index.php?rest_route=\/wp\/v2\/pages\/548","targetHints":{"allow":["GET"]}}],"collection":[{"href":"https:\/\/enersat.pl\/index.php?rest_route=\/wp\/v2\/pages"}],"about":[{"href":"https:\/\/enersat.pl\/index.php?rest_route=\/wp\/v2\/types\/page"}],"author":[{"embeddable":true,"href":"https:\/\/enersat.pl\/index.php?rest_route=\/wp\/v2\/users\/1"}],"replies":[{"embeddable":true,"href":"https:\/\/enersat.pl\/index.php?rest_route=%2Fwp%2Fv2%2Fcomments&post=548"}],"version-history":[{"count":20,"href":"https:\/\/enersat.pl\/index.php?rest_route=\/wp\/v2\/pages\/548\/revisions"}],"predecessor-version":[{"id":1838,"href":"https:\/\/enersat.pl\/index.php?rest_route=\/wp\/v2\/pages\/548\/revisions\/1838"}],"wp:featuredmedia":[{"embeddable":true,"href":"https:\/\/enersat.pl\/index.php?rest_route=\/wp\/v2\/media\/1647"}],"wp:attachment":[{"href":"https:\/\/enersat.pl\/index.php?rest_route=%2Fwp%2Fv2%2Fmedia&parent=548"}],"curies":[{"name":"wp","href":"https:\/\/api.w.org\/{rel}","templated":true}]}}